{"id":5310,"date":"2023-03-20T16:46:25","date_gmt":"2023-03-20T16:46:25","guid":{"rendered":"https:\/\/primera.ro\/?page_id=5310"},"modified":"2023-03-20T16:49:25","modified_gmt":"2023-03-20T16:49:25","slug":"proiecte","status":"publish","type":"page","link":"https:\/\/primera.ro\/en\/proiecte\/","title":{"rendered":"Projects"},"content":{"rendered":"<div class=\"vc_row wpb_row vc_row-fluid vc_custom_1677511934875\" ><div class=\"wpb_column vc_column_container vc_col-sm-12\"><div class=\"vc_column-inner\"><div class=\"wpb_wrapper\">\n\t\t\t<!-- START proiecte REVOLUTION SLIDER 6.4.11 --><p class=\"rs-p-wp-fix\"><\/p>\n\t\t\t<rs-module-wrap id=\"rev_slider_13_1_wrapper\" data-source=\"gallery\" style=\"background:transparent;padding:0;margin:0px auto;margin-top:0;margin-bottom:0;\">\n\t\t\t\t<rs-module id=\"rev_slider_13_1\" style=\"\" data-version=\"6.4.11\">\n\t\t\t\t\t<rs-slides>\n\t\t\t\t\t\t<rs-slide data-key=\"rs-28\" data-title=\"Slide\" data-in=\"o:0;\" data-out=\"a:false;\" data-mediafilter=\"lofi\" data-p1=\"01\" data-p2=\"01\">\n\t\t\t\t\t\t\t<img fetchpriority=\"high\" decoding=\"async\" src=\"\/\/primera.ro\/wp-content\/uploads\/revslider\/video-media\/video-proiecte-bun_28.jpeg\" title=\"video-proiecte-bun_28.jpeg\" width=\"1920\" height=\"1080\" class=\"rev-slidebg tp-rs-img\" data-no-retina>\n\t\t\t\t\t\t\t<rs-bgvideo \n\t\t\t\t\t\t\t\tdata-video=\"vc:none;w:100%;h:100%;nse:false;l:true;ptimer:false;\"\n\t\t\t\t\t\t\t\tdata-ytid=\"Td_ho8qWo0w\"\n\t\t\t\t\t\t\t\tdata-vatr=\"version=3&amp;enablejsapi=1&amp;html5=1&amp;hd=1&amp;wmode=opaque&amp;showinfo=0&amp;rel=0&amp;origin=https:\/\/primera.ro;\"\n\t\t\t\t\t\t\t><\/rs-bgvideo>\n<!--\n\t\t\t\t\t\t\t--><a\n\t\t\t\t\t\t\t\tid=\"slider-13-slide-28-layer-0\" \n\t\t\t\t\t\t\t\tclass=\"rs-layer rev-btn rev-hiddenicon\"\n\t\t\t\t\t\t\t\thref=\"https:\/\/primera.ro\/contact\/\" target=\"_self\"\n\t\t\t\t\t\t\t\tdata-type=\"button\"\n\t\t\t\t\t\t\t\tdata-rsp_ch=\"on\"\n\t\t\t\t\t\t\t\tdata-xy=\"x:c;xo:0,554px,362px,97px;yo:638px,428px,428px,376px;\"\n\t\t\t\t\t\t\t\tdata-text=\"w:normal;s:23,17,18,18;l:27,20,22,22;ls:2,1,0,0;a:left,left,left,center;\"\n\t\t\t\t\t\t\t\tdata-dim=\"minh:0,none,none,none;\"\n\t\t\t\t\t\t\t\tdata-padding=\"t:16,12,14,15;r:48,36,40,42;b:16,12,14,15;l:48,36,40,42;\"\n\t\t\t\t\t\t\t\tdata-border=\"bor:30px,30px,30px,30px;\"\n\t\t\t\t\t\t\t\tdata-frame_999=\"o:0;st:w;\"\n\t\t\t\t\t\t\t\tdata-frame_hover=\"c:#000;bgc:#fff;bor:30px,30px,30px,30px;sp:200;\"\n\t\t\t\t\t\t\t\tstyle=\"z-index:5;background-color:rgba(0,0,0,0.75);font-family:Open Sans;text-transform:uppercase;\"\n\t\t\t\t\t\t\t>CONTACTEAZ\u0102-NE <i class=\"fa-chevron-right\"><\/i> \n\t\t\t\t\t\t\t<\/a><!--\n-->\t\t\t\t\t\t<\/rs-slide>\n\t\t\t\t\t<\/rs-slides>\n\t\t\t\t<\/rs-module>\n\t\t\t\t<script type=\"text\/javascript\">\n\t\t\t\t\tsetREVStartSize({c: 'rev_slider_13_1',rl:[1240,1024,778,480],el:[848,557,600,500],gw:[1920,1441,1025,480],gh:[848,557,600,500],type:'standard',justify:'',layout:'fullwidth',mh:\"0\"});\n\t\t\t\t\tvar\trevapi13,\n\t\t\t\t\t\ttpj;\n\t\t\t\t\tfunction revinit_revslider131() {\n\t\t\t\t\tjQuery(function() {\n\t\t\t\t\t\ttpj = jQuery;\n\t\t\t\t\t\trevapi13 = tpj(\"#rev_slider_13_1\");\n\t\t\t\t\t\tif(revapi13==undefined || revapi13.revolution == undefined){\n\t\t\t\t\t\t\trevslider_showDoubleJqueryError(\"rev_slider_13_1\");\n\t\t\t\t\t\t}else{\n\t\t\t\t\t\t\trevapi13.revolution({\n\t\t\t\t\t\t\t\tDPR:\"dpr\",\n\t\t\t\t\t\t\t\tsliderLayout:\"fullwidth\",\n\t\t\t\t\t\t\t\tvisibilityLevels:\"1240,1024,778,480\",\n\t\t\t\t\t\t\t\tgridwidth:\"1920,1441,1025,480\",\n\t\t\t\t\t\t\t\tgridheight:\"848,557,600,500\",\n\t\t\t\t\t\t\t\tperspective:600,\n\t\t\t\t\t\t\t\tperspectiveType:\"local\",\n\t\t\t\t\t\t\t\teditorheight:\"848,557,600,500\",\n\t\t\t\t\t\t\t\tresponsiveLevels:\"1240,1024,778,480\",\n\t\t\t\t\t\t\t\tprogressBar:{disableProgressBar:true},\n\t\t\t\t\t\t\t\tnavigation: {\n\t\t\t\t\t\t\t\t\tonHoverStop:false\n\t\t\t\t\t\t\t\t},\n\t\t\t\t\t\t\t\tfallbacks: {\n\t\t\t\t\t\t\t\t\tallowHTML5AutoPlayOnAndroid:true\n\t\t\t\t\t\t\t\t},\n\t\t\t\t\t\t\t});\n\t\t\t\t\t\t}\n\t\t\t\t\t\t\n\t\t\t\t\t});\n\t\t\t\t\t} \/\/ End of RevInitScript\n\t\t\t\tvar once_revslider131 = false;\n\t\t\t\tif (document.readyState === \"loading\") {document.addEventListener('readystatechange',function() { if((document.readyState === \"interactive\" || document.readyState === \"complete\") && !once_revslider131 ) { once_revslider131 = true; revinit_revslider131();}});} else {once_revslider131 = true; revinit_revslider131();}\n\t\t\t\t<\/script>\n\t\t\t<\/rs-module-wrap>\n\t\t\t<!-- END REVOLUTION SLIDER -->\n<\/div><\/div><\/div><\/div><div class=\"vc_row wpb_row vc_row-fluid vc_custom_1679330962043\" ><div class=\"wpb_column vc_column_container vc_col-sm-12\"><div class=\"vc_column-inner\"><div class=\"wpb_wrapper\"><div class=\"eltdf-section-title-holder  eltdf-st-standard eltdf-st-title-left eltdf-st-normal-space \" style=\"text-align: center\">\n\t<div class=\"eltdf-st-inner\">\n\t\t\t\t\t<h1 class=\"eltdf-st-title\" >\n\t\t\t\tProiectele noastre\t\t\t<\/h1>\n\t\t\t\t\t\t\t<div class=\"eltdf-separator-holder clearfix   \">\n\t<div class=\"eltdf-separator\" ><\/div>\n<\/div>\n\t\t\t\t\t<\/div>\n<\/div><div class=\"vc_empty_space\"   style=\"height: 32px\"><span class=\"vc_empty_space_inner\"><\/span><\/div>\n\t<div class=\"wpb_text_column wpb_content_element \" >\n\t\t<div class=\"wpb_wrapper\">\n\t\t\t<div class=\"divContainerProiecte\">\r\n\t\t\t\t<div class=\"divProiect\">\r\n\t\t\t\t\t<div class=\"proiectInsider\">\t\r\n\t\t\t\t\t\t<a href=\"https:\/\/primera.ro\/en\/portfolio-item\/casa-vl\/\">\r\n\t\t\t\t\t\t\t<div class=\"parent\">\r\n\t\t\t\t\t\t\t\t<div class=\"overlay\"><div class=\"overlay-text\">VL House<\/div><\/div>\r\n\t\t\t\t\t\t\t\t<img decoding=\"async\" data-src=\"https:\/\/primera.ro\/wp-content\/uploads\/2023\/03\/Casa-VL-3.jpg\" src=\"data:image\/svg+xml;base64,PHN2ZyB3aWR0aD0iMSIgaGVpZ2h0PSIxIiB4bWxucz0iaHR0cDovL3d3dy53My5vcmcvMjAwMC9zdmciPjwvc3ZnPg==\" class=\"lazyload\" style=\"--smush-placeholder-width: 1624px; --smush-placeholder-aspect-ratio: 1624\/1080;\" \/>\r\n\t\t\t\t\t\t\t<\/div>\r\n\t\t\t\t\t\t<\/a>\r\n\t\t\t\t\t\t<div class=\"descriereProiect\">\r\n\t\t\t\t\t\t\t<p>Un c\u0103min pentru o familie creat cu aten\u021bie la detalii \u00eentr-un stil modern \u0219i primitor. Echipa Primera interiors a realizat acest proiect de la A-Z, de la design, execu\u021bie \u0219i implementare.<\/p>\r\n\t\t\t\t\t\t<\/div>\r\n\r\n\t\t\t\t\t\t<a class=\"buttonProiect\" href=\"https:\/\/primera.ro\/en\/portfolio-item\/casa-vl\/\">Detalii<\/a>\r\n\r\n\t\t\t\t\t<\/div>\r\n\t\t\t\t<\/div>\r\n\t\t\t\t\r\n\t\t\t\t<div class=\"divProiect\">\r\n\t\t\t\t\t<div class=\"proiectInsider\">\t\r\n\t\t\t\t\t\t<a href=\"https:\/\/primera.ro\/en\/portfolio-item\/hill-side-residence\/\">\r\n\t\t\t\t\t\t\t<div class=\"parent\">\r\n\t\t\t\t\t\t\t\t<div class=\"overlay\"><div class=\"overlay-text\">Hill Side Residence<\/div><\/div>\r\n\t\t\t\t\t\t\t\t<img decoding=\"async\" data-src=\"https:\/\/primera.ro\/wp-content\/uploads\/2023\/03\/hill-side-residence.jpg\" src=\"data:image\/svg+xml;base64,PHN2ZyB3aWR0aD0iMSIgaGVpZ2h0PSIxIiB4bWxucz0iaHR0cDovL3d3dy53My5vcmcvMjAwMC9zdmciPjwvc3ZnPg==\" class=\"lazyload\" style=\"--smush-placeholder-width: 1624px; --smush-placeholder-aspect-ratio: 1624\/1080;\" \/>\r\n\t\t\t\t\t\t\t<\/div>\r\n\t\t\t\t\t\t<\/a>\r\n\t\t\t\t\t\t<div class=\"descriereProiect\">\r\n\t\t\t\t\t\t\t<p>Hill Side Residence este un proiect de design interior care surprinde esen\u021ba rafinamentului \u00eentr-un mod contemporan \u0219i \u0219ic. Fiecare element al acestui spa\u021biu spectaculos este conceput pentru a aduce armonie, \u00eembin\u00e2nd perfect luxul \u0219i confortul. <\/p>\r\n\t\t\t\t\t\t<\/div>\r\n\r\n\t\t\t\t\t\t<a class=\"buttonProiect\" href=\"https:\/\/primera.ro\/en\/portfolio-item\/hill-side-residence\/\">Detalii<\/a>\r\n\r\n\t\t\t\t\t<\/div>\r\n\t\t\t\t<\/div>\r\n\t\t\t\t\r\n\t\t\t\t<div class=\"divProiect\">\r\n\t\t\t\t\t<div class=\"proiectInsider\">\t\r\n\t\t\t\t\t\t<a href=\"https:\/\/primera.ro\/en\/portfolio-item\/timeless-luxury\/\">\r\n\t\t\t\t\t\t\t<div class=\"parent\">\r\n\t\t\t\t\t\t\t\t<div class=\"overlay\"><div class=\"overlay-text\">Timeless Luxury<\/div><\/div>\r\n\t\t\t\t\t\t\t\t<img decoding=\"async\" data-src=\"https:\/\/primera.ro\/wp-content\/uploads\/2023\/02\/timelessluxury-4.jpg\" src=\"data:image\/svg+xml;base64,PHN2ZyB3aWR0aD0iMSIgaGVpZ2h0PSIxIiB4bWxucz0iaHR0cDovL3d3dy53My5vcmcvMjAwMC9zdmciPjwvc3ZnPg==\" class=\"lazyload\" style=\"--smush-placeholder-width: 1280px; --smush-placeholder-aspect-ratio: 1280\/854;\" \/>\r\n\t\t\t\t\t\t\t<\/div>\r\n\t\t\t\t\t\t<\/a>\r\n\t\t\t\t\t\t<div class=\"descriereProiect\">\r\n\t\t\t\t\t\t\t<p>O casa de epoc\u0103 a c\u0103rui interior a fost reamenajat \u0219i adaptat vie\u021bii moderne. Au fost implementate detalii arhitecturale clasice, combinate cu elemente unice de design.<\/p>\r\n\t\t\t\t\t\t<\/div>\r\n\r\n\t\t\t\t\t\t<a class=\"buttonProiect\" href=\"https:\/\/primera.ro\/en\/portfolio-item\/timeless-luxury\/\">Detalii<\/a>\r\n\r\n\t\t\t\t\t<\/div>\r\n\t\t\t\t<\/div>\r\n\t\t\t\t\r\n\t\t\t\t<div class=\"divProiect\">\r\n\t\t\t\t\t<div class=\"proiectInsider\">\t\r\n\t\t\t\t\t\t<a href=\"https:\/\/primera.ro\/en\/portfolio-item\/timeless-glamour\/\">\r\n\t\t\t\t\t\t\t<div class=\"parent\">\r\n\t\t\t\t\t\t\t\t<div class=\"overlay\"><div class=\"overlay-text\">Timeless Glamour<\/div><\/div>\r\n\t\t\t\t\t\t\t\t<img decoding=\"async\" data-src=\"https:\/\/primera.ro\/wp-content\/uploads\/2023\/02\/timelessglamour-13.jpg\" src=\"data:image\/svg+xml;base64,PHN2ZyB3aWR0aD0iMSIgaGVpZ2h0PSIxIiB4bWxucz0iaHR0cDovL3d3dy53My5vcmcvMjAwMC9zdmciPjwvc3ZnPg==\" class=\"lazyload\" style=\"--smush-placeholder-width: 1920px; --smush-placeholder-aspect-ratio: 1920\/1281;\" \/>\r\n\t\t\t\t\t\t\t<\/div>\r\n\t\t\t\t\t\t<\/a>\r\n\t\t\t\t\t\t<div class=\"descriereProiect\">\r\n\t\t\t\t\t\t\t<p>Interiorul recent reamenajat de c\u0103tre Primera Interiors este un spa\u021biu modern \u0219i elegant, cu accent pe func\u021bionalitate \u0219i confort.<\/p>\r\n\t\t\t\t\t\t<\/div>\r\n\r\n\t\t\t\t\t\t<a class=\"buttonProiect\" href=\"https:\/\/primera.ro\/en\/portfolio-item\/timeless-glamour\/\">Detalii<\/a>\r\n\r\n\t\t\t\t\t<\/div>\r\n\t\t\t\t<\/div>\r\n\t\t\t\t\r\n\t\t\t\t<div class=\"divProiect\">\r\n\t\t\t\t\t<div class=\"proiectInsider\">\t\r\n\t\t\t\t\t\t<a href=\"https:\/\/primera.ro\/en\/portfolio-item\/white-story\/\">\r\n\t\t\t\t\t\t\t<div class=\"parent\">\r\n\t\t\t\t\t\t\t\t<div class=\"overlay\"><div class=\"overlay-text\">White story<\/div><\/div>\r\n\t\t\t\t\t\t\t\t<img decoding=\"async\" data-src=\"https:\/\/primera.ro\/wp-content\/uploads\/2018\/04\/white-story-44.jpg\" src=\"data:image\/svg+xml;base64,PHN2ZyB3aWR0aD0iMSIgaGVpZ2h0PSIxIiB4bWxucz0iaHR0cDovL3d3dy53My5vcmcvMjAwMC9zdmciPjwvc3ZnPg==\" class=\"lazyload\" style=\"--smush-placeholder-width: 1619px; --smush-placeholder-aspect-ratio: 1619\/1080;\" \/>\r\n\t\t\t\t\t\t\t<\/div>\r\n\t\t\t\t\t\t<\/a>\r\n\t\t\t\t\t\t<div class=\"descriereProiect\">\r\n\t\t\t\t\t\t\t<p>Acest spa\u021biu modern situat \u00een inima ora\u0219ului, a fost renovat recent de Primera Interiors, oferind clien\u021bilor o experien\u021b\u0103 unic\u0103 \u0219i sofisticat\u0103.<\/p>\r\n\t\t\t\t\t\t<\/div>\r\n\r\n\t\t\t\t\t\t<a class=\"buttonProiect\" href=\"https:\/\/primera.ro\/en\/portfolio-item\/white-story\/\">Detalii<\/a>\r\n\r\n\t\t\t\t\t<\/div>\r\n\t\t\t\t<\/div>\r\n\t\t\t\t\r\n\t\t\t\t<div class=\"divProiect\">\r\n\t\t\t\t\t<div class=\"proiectInsider\">\t\r\n\t\t\t\t\t\t<a href=\"https:\/\/primera.ro\/en\/portfolio-item\/perfect-cloud\/\">\r\n\t\t\t\t\t\t\t<div class=\"parent\">\r\n\t\t\t\t\t\t\t\t<div class=\"overlay\"><div class=\"overlay-text\">Perfect Cloud<\/div><\/div>\r\n\t\t\t\t\t\t\t\t<img decoding=\"async\" data-src=\"https:\/\/primera.ro\/wp-content\/uploads\/2023\/02\/perfect-cloud-8.jpg\" src=\"data:image\/svg+xml;base64,PHN2ZyB3aWR0aD0iMSIgaGVpZ2h0PSIxIiB4bWxucz0iaHR0cDovL3d3dy53My5vcmcvMjAwMC9zdmciPjwvc3ZnPg==\" class=\"lazyload\" style=\"--smush-placeholder-width: 1618px; --smush-placeholder-aspect-ratio: 1618\/1080;\" \/>\r\n\t\t\t\t\t\t\t<\/div>\r\n\t\t\t\t\t\t<\/a>\r\n\t\t\t\t\t\t<div class=\"descriereProiect\">\r\n\t\t\t\t\t\t\t<p>Acest interior deosebit de frumos \u0219i luminos, a fost renovat de Primera Interiors cu aten\u021bie la detalii \u0219i cu materiale de cea mai bun\u0103 calitate.<\/p>\r\n\t\t\t\t\t\t<\/div>\r\n\r\n\t\t\t\t\t\t<a class=\"buttonProiect\" href=\"https:\/\/primera.ro\/en\/portfolio-item\/perfect-cloud\/\">Detalii<\/a>\r\n\r\n\t\t\t\t\t<\/div>\r\n\t\t\t\t<\/div>\r\n\t\t\t\t\r\n\t\t\t\t<div class=\"divProiect\">\r\n\t\t\t\t\t<div class=\"proiectInsider\">\t\r\n\t\t\t\t\t\t<a href=\"https:\/\/primera.ro\/en\/portfolio-item\/in-the-woods\/\">\r\n\t\t\t\t\t\t\t<div class=\"parent\">\r\n\t\t\t\t\t\t\t\t<div class=\"overlay\"><div class=\"overlay-text\">In the Woods<\/div><\/div>\r\n\t\t\t\t\t\t\t\t<img decoding=\"async\" data-src=\"https:\/\/primera.ro\/wp-content\/uploads\/2023\/02\/casaM-3.jpg\" src=\"data:image\/svg+xml;base64,PHN2ZyB3aWR0aD0iMSIgaGVpZ2h0PSIxIiB4bWxucz0iaHR0cDovL3d3dy53My5vcmcvMjAwMC9zdmciPjwvc3ZnPg==\" class=\"lazyload\" style=\"--smush-placeholder-width: 1631px; --smush-placeholder-aspect-ratio: 1631\/1080;\" \/>\r\n\t\t\t\t\t\t\t<\/div>\r\n\t\t\t\t\t\t<\/a>\r\n\t\t\t\t\t\t<div class=\"descriereProiect\">\r\n\t\t\t\t\t\t\t<p>O cas\u0103 \u00een stil contemporan pozi\u021bionat\u0103 aproape de p\u0103dure \u00een apropierea Clujul cu un interior \u00een stil British \u0219i aten\u021bie la detalii.<\/p>\r\n\t\t\t\t\t\t<\/div>\r\n\r\n\t\t\t\t\t\t<a class=\"buttonProiect\" href=\"https:\/\/primera.ro\/en\/portfolio-item\/in-the-woods\/\">Detalii<\/a>\r\n\r\n\t\t\t\t\t<\/div>\r\n\t\t\t\t<\/div>\r\n\t\t\t\t\r\n\t\t\t\t<div class=\"divProiect\">\r\n\t\t\t\t\t<div class=\"proiectInsider\">\t\r\n\t\t\t\t\t\t<a href=\"https:\/\/primera.ro\/en\/portfolio-item\/city-apartment\/\">\r\n\t\t\t\t\t\t\t<div class=\"parent\">\r\n\t\t\t\t\t\t\t\t<div class=\"overlay\"><div class=\"overlay-text\">City Apartment<\/div><\/div>\r\n\t\t\t\t\t\t\t\t<img decoding=\"async\" data-src=\"https:\/\/primera.ro\/wp-content\/uploads\/2023\/02\/city-apartment-nou-15.jpg\" src=\"data:image\/svg+xml;base64,PHN2ZyB3aWR0aD0iMSIgaGVpZ2h0PSIxIiB4bWxucz0iaHR0cDovL3d3dy53My5vcmcvMjAwMC9zdmciPjwvc3ZnPg==\" class=\"lazyload\" style=\"--smush-placeholder-width: 1620px; --smush-placeholder-aspect-ratio: 1620\/1080;\" \/>\r\n\t\t\t\t\t\t\t<\/div>\r\n\t\t\t\t\t\t<\/a>\r\n\t\t\t\t\t\t<div class=\"descriereProiect\">\r\n\t\t\t\t\t\t\t<p>City Apartment este un proiect de design interior care reprezint\u0103 o combina\u021bie perfect\u0103 \u00eentre stil, confort \u0219i func\u021bionalitate. Este o locuin\u021b\u0103 modern\u0103 \u0219i urban\u0103, g\u00e2ndit\u0103 pentru a oferi un spa\u021biu de locuit practic, dar \u0219i elegant<\/p>\r\n\t\t\t\t\t\t<\/div>\r\n\r\n\t\t\t\t\t\t<a class=\"buttonProiect\" href=\"https:\/\/primera.ro\/en\/portfolio-item\/city-apartment\/\">Detalii<\/a>\r\n\r\n\t\t\t\t\t<\/div>\r\n\t\t\t\t<\/div>\r\n\t\t\t\t\r\n\t\t\t\t<div class=\"divProiect\">\r\n\t\t\t\t\t<div class=\"proiectInsider\">\t\r\n\t\t\t\t\t\t<a href=\"https:\/\/primera.ro\/en\/portfolio-item\/park-apartment\/\">\r\n\t\t\t\t\t\t\t<div class=\"parent\">\r\n\t\t\t\t\t\t\t\t<div class=\"overlay\"><div class=\"overlay-text\">Park Apartment<\/div><\/div>\r\n\t\t\t\t\t\t\t\t<img decoding=\"async\" data-src=\"https:\/\/primera.ro\/wp-content\/uploads\/2023\/03\/Park-Apartment-1.jpg\" src=\"data:image\/svg+xml;base64,PHN2ZyB3aWR0aD0iMSIgaGVpZ2h0PSIxIiB4bWxucz0iaHR0cDovL3d3dy53My5vcmcvMjAwMC9zdmciPjwvc3ZnPg==\" class=\"lazyload\" style=\"--smush-placeholder-width: 1619px; --smush-placeholder-aspect-ratio: 1619\/1080;\" \/>\r\n\t\t\t\t\t\t\t<\/div>\r\n\t\t\t\t\t\t<\/a>\r\n\t\t\t\t\t\t<div class=\"descriereProiect\">\r\n\t\t\t\t\t\t\t<p>Park Apartment este un proiect de design interior conceput pentru a oferi confort, func\u021bionalitate \u0219i stil. Acest proiect combin\u0103 perfect elegan\u021b\u0103 \u0219i func\u021bionalitatea, oferindu-\u021bi astfel o experien\u021b\u0103 unic\u0103 \u0219i pl\u0103cut\u0103 de locuit \u00eentr-un apartament modern.<\/p>\r\n\t\t\t\t\t\t<\/div>\r\n\r\n\t\t\t\t\t\t<a class=\"buttonProiect\" href=\"https:\/\/primera.ro\/en\/portfolio-item\/park-apartment\/\">Detalii<\/a>\r\n\r\n\t\t\t\t\t<\/div>\r\n\t\t\t\t<\/div>\r\n\t\t\t\t\r\n\t\t\t\t<div class=\"divProiect\">\r\n\t\t\t\t\t<div class=\"proiectInsider\">\t\r\n\t\t\t\t\t\t<a href=\"https:\/\/primera.ro\/en\/portfolio-item\/contemporany-english-house\/\">\r\n\t\t\t\t\t\t\t<div class=\"parent\">\r\n\t\t\t\t\t\t\t\t<div class=\"overlay\"><div class=\"overlay-text\">Contemporany English House<\/div><\/div>\r\n\t\t\t\t\t\t\t\t<img decoding=\"async\" data-src=\"https:\/\/primera.ro\/wp-content\/uploads\/2023\/03\/Contemporany-English-House-e1678727195514.jpg\" src=\"data:image\/svg+xml;base64,PHN2ZyB3aWR0aD0iMSIgaGVpZ2h0PSIxIiB4bWxucz0iaHR0cDovL3d3dy53My5vcmcvMjAwMC9zdmciPjwvc3ZnPg==\" class=\"lazyload\" style=\"--smush-placeholder-width: 1404px; --smush-placeholder-aspect-ratio: 1404\/930;\" \/>\r\n\t\t\t\t\t\t\t<\/div>\r\n\t\t\t\t\t\t<\/a>\r\n\t\t\t\t\t\t<div class=\"descriereProiect\">\r\n\t\t\t\t\t\t\t<p>Contemporary English House este un proiect de design interior care transmite un mix perfect \u00eentre tradi\u021bie \u0219i modernism. Aceast design a fost conceput pentru a pune \u00een valoare designul  englezeasc\u0103, dar \u0219i pentru a oferi confort \u00een stil contemporan<\/p>\r\n\t\t\t\t\t\t<\/div>\r\n\r\n\t\t\t\t\t\t<a class=\"buttonProiect\" href=\"https:\/\/primera.ro\/en\/portfolio-item\/contemporany-english-house\/\">Detalii<\/a>\r\n\r\n\t\t\t\t\t<\/div>\r\n\t\t\t\t<\/div>\r\n\t\t\t\t\r\n\t\t\t\t<div class=\"divProiect\">\r\n\t\t\t\t\t<div class=\"proiectInsider\">\t\r\n\t\t\t\t\t\t<a href=\"https:\/\/primera.ro\/en\/portfolio-item\/colours\/\">\r\n\t\t\t\t\t\t\t<div class=\"parent\">\r\n\t\t\t\t\t\t\t\t<div class=\"overlay\"><div class=\"overlay-text\">Colours<\/div><\/div>\r\n\t\t\t\t\t\t\t\t<img decoding=\"async\" data-src=\"https:\/\/primera.ro\/wp-content\/uploads\/2023\/02\/colours-3.jpg\" src=\"data:image\/svg+xml;base64,PHN2ZyB3aWR0aD0iMSIgaGVpZ2h0PSIxIiB4bWxucz0iaHR0cDovL3d3dy53My5vcmcvMjAwMC9zdmciPjwvc3ZnPg==\" class=\"lazyload\" style=\"--smush-placeholder-width: 1620px; --smush-placeholder-aspect-ratio: 1620\/1080;\" \/>\r\n\t\t\t\t\t\t\t<\/div>\r\n\t\t\t\t\t\t<\/a>\r\n\t\t\t\t\t\t<div class=\"descriereProiect\">\r\n\t\t\t\t\t\t\t<p>Spa\u021biul interior reamenajat aduce o not\u0103 fresh \u0219i modern\u0103 prin combinarea de nuan\u021be de albastru, alb \u0219i roz pal<\/p>\r\n\t\t\t\t\t\t<\/div>\r\n\r\n\t\t\t\t\t\t<a class=\"buttonProiect\" href=\"https:\/\/primera.ro\/en\/portfolio-item\/colours\/\">Detalii<\/a>\r\n\r\n\t\t\t\t\t<\/div>\r\n\t\t\t\t<\/div>\r\n\t\t\t\t\r\n\t\t\t\t<div class=\"divProiect\">\r\n\t\t\t\t\t<div class=\"proiectInsider\">\t\r\n\t\t\t\t\t\t<a href=\"https:\/\/primera.ro\/en\/portfolio-item\/park-residence\/\">\r\n\t\t\t\t\t\t\t<div class=\"parent\">\r\n\t\t\t\t\t\t\t\t<div class=\"overlay\"><div class=\"overlay-text\">Park Residence<\/div><\/div>\r\n\t\t\t\t\t\t\t\t<img decoding=\"async\" data-src=\"https:\/\/primera.ro\/wp-content\/uploads\/2023\/02\/park-residence-feature-image.jpg\" src=\"data:image\/svg+xml;base64,PHN2ZyB3aWR0aD0iMSIgaGVpZ2h0PSIxIiB4bWxucz0iaHR0cDovL3d3dy53My5vcmcvMjAwMC9zdmciPjwvc3ZnPg==\" class=\"lazyload\" style=\"--smush-placeholder-width: 1704px; --smush-placeholder-aspect-ratio: 1704\/1137;\" \/>\r\n\t\t\t\t\t\t\t<\/div>\r\n\t\t\t\t\t\t<\/a>\r\n\t\t\t\t\t\t<div class=\"descriereProiect\">\r\n\t\t\t\t\t\t\t<p>Designul minimalist, combinat cu finisaje premium, ofer\u0103 un mediu ambiant \u0219i lini\u0219tit, datorit\u0103 mobilierului personalizat, cu linii curate \u0219i forme minimaliste, care completeaz\u0103 acest aspect inedit.<\/p>\r\n\t\t\t\t\t\t<\/div>\r\n\r\n\t\t\t\t\t\t<a class=\"buttonProiect\" href=\"https:\/\/primera.ro\/en\/portfolio-item\/park-residence\/\">Detalii<\/a>\r\n\r\n\t\t\t\t\t<\/div>\r\n\t\t\t\t<\/div>\r\n\t\t\t\t<\/div>\n\n\t\t<\/div>\n\t<\/div>\n<\/div><\/div><\/div><\/div>\n","protected":false},"excerpt":{"rendered":"CONTACTEAZ\u0102-NE Proiectele noastre VL House Un c\u0103min pentru o familie creat cu aten\u021bie la detalii \u00eentr-un stil modern \u0219i primitor. Echipa Primera interiors a realizat acest proiect de la A-Z, de la design, execu\u021bie \u0219i implementare. Detalii Hill Side Residence [...]","protected":false},"author":1,"featured_media":0,"parent":0,"menu_order":0,"comment_status":"closed","ping_status":"closed","template":"full-width.php","meta":{"_seopress_robots_primary_cat":"","_seopress_titles_title":"","_seopress_titles_desc":"","_seopress_robots_index":"","iawp_total_views":212,"footnotes":""},"class_list":["post-5310","page","type-page","status-publish","hentry"],"_links":{"self":[{"href":"https:\/\/primera.ro\/en\/wp-json\/wp\/v2\/pages\/5310","targetHints":{"allow":["GET"]}}],"collection":[{"href":"https:\/\/primera.ro\/en\/wp-json\/wp\/v2\/pages"}],"about":[{"href":"https:\/\/primera.ro\/en\/wp-json\/wp\/v2\/types\/page"}],"author":[{"embeddable":true,"href":"https:\/\/primera.ro\/en\/wp-json\/wp\/v2\/users\/1"}],"replies":[{"embeddable":true,"href":"https:\/\/primera.ro\/en\/wp-json\/wp\/v2\/comments?post=5310"}],"version-history":[{"count":6,"href":"https:\/\/primera.ro\/en\/wp-json\/wp\/v2\/pages\/5310\/revisions"}],"predecessor-version":[{"id":5318,"href":"https:\/\/primera.ro\/en\/wp-json\/wp\/v2\/pages\/5310\/revisions\/5318"}],"wp:attachment":[{"href":"https:\/\/primera.ro\/en\/wp-json\/wp\/v2\/media?parent=5310"}],"curies":[{"name":"wp","href":"https:\/\/api.w.org\/{rel}","templated":true}]}}